{"id":331,"date":"2016-02-17T14:40:35","date_gmt":"2016-02-17T13:40:35","guid":{"rendered":"http:\/\/www.webshop.edgb.nl\/?page_id=331"},"modified":"2022-11-24T10:20:55","modified_gmt":"2022-11-24T09:20:55","slug":"klantenvideos","status":"publish","type":"page","link":"https:\/\/webshop.edgb.nl\/de\/klantenvideos\/","title":{"rendered":"Video"},"content":{"rendered":"<h3>Hier k\u00f6nnen sie Videos anschauen<\/h3>\n<h5>Volker Deckert macht ein erste test-run<\/h5>\n<div class=\"jetpack-video-wrapper\"><span class=\"embed-youtube\" style=\"text-align:center; display: block;\"><iframe loading=\"lazy\" class=\"youtube-player\" width=\"800\" height=\"450\" src=\"https:\/\/www.youtube.com\/embed\/BvduZSQwgAM?version=3&#038;rel=1&#038;showsearch=0&#038;showinfo=1&#038;iv_load_policy=1&#038;fs=1&#038;hl=de-DE&#038;autohide=2&#038;wmode=transparent\" allowfullscreen=\"true\" style=\"border:0;\" sandbox=\"allow-scripts allow-same-origin allow-popups allow-presentation allow-popups-to-escape-sandbox\"><\/iframe><\/span><\/div>\n<h5>Maxim de Donder:<\/h5>\n<div class=\"jetpack-video-wrapper\"><span class=\"embed-youtube\" style=\"text-align:center; display: block;\"><iframe loading=\"lazy\" class=\"youtube-player\" width=\"800\" height=\"450\" src=\"https:\/\/www.youtube.com\/embed\/3zx1HWQEdu8?version=3&#038;rel=1&#038;showsearch=0&#038;showinfo=1&#038;iv_load_policy=1&#038;fs=1&#038;hl=de-DE&#038;autohide=2&#038;wmode=transparent\" allowfullscreen=\"true\" style=\"border:0;\" sandbox=\"allow-scripts allow-same-origin allow-popups allow-presentation allow-popups-to-escape-sandbox\"><\/iframe><\/span><\/div>\n<h5>Michael Dauber:<\/h5>\n<div class=\"jetpack-video-wrapper\"><span class=\"embed-youtube\" style=\"text-align:center; display: block;\"><iframe loading=\"lazy\" class=\"youtube-player\" width=\"800\" height=\"450\" src=\"https:\/\/www.youtube.com\/embed\/ZtE0Qw1IG74?version=3&#038;rel=1&#038;showsearch=0&#038;showinfo=1&#038;iv_load_policy=1&#038;fs=1&#038;hl=de-DE&#038;autohide=2&#038;wmode=transparent\" allowfullscreen=\"true\" style=\"border:0;\" sandbox=\"allow-scripts allow-same-origin allow-popups allow-presentation allow-popups-to-escape-sandbox\"><\/iframe><\/span><\/div>\n<h5>Jack Ailes:<\/h5>\n<div class=\"jetpack-video-wrapper\"><span class=\"embed-youtube\" style=\"text-align:center; display: block;\"><iframe loading=\"lazy\" class=\"youtube-player\" width=\"800\" height=\"450\" src=\"https:\/\/www.youtube.com\/embed\/oERsXCf-veY?version=3&#038;rel=1&#038;showsearch=0&#038;showinfo=1&#038;iv_load_policy=1&#038;fs=1&#038;hl=de-DE&#038;autohide=2&#038;wmode=transparent\" allowfullscreen=\"true\" style=\"border:0;\" sandbox=\"allow-scripts allow-same-origin allow-popups allow-presentation allow-popups-to-escape-sandbox\"><\/iframe><\/span><\/div>\n<h5>AutoMobilia tijdens Rail 2016<\/h5>\n<div class=\"jetpack-video-wrapper\"><span class=\"embed-youtube\" style=\"text-align:center; display: block;\"><iframe loading=\"lazy\" class=\"youtube-player\" width=\"800\" height=\"450\" src=\"https:\/\/www.youtube.com\/embed\/rfkNex1z2Q4?version=3&#038;rel=1&#038;showsearch=0&#038;showinfo=1&#038;iv_load_policy=1&#038;fs=1&#038;hl=de-DE&#038;autohide=2&#038;wmode=transparent\" allowfullscreen=\"true\" style=\"border:0;\" sandbox=\"allow-scripts allow-same-origin allow-popups allow-presentation allow-popups-to-escape-sandbox\"><\/iframe><\/span><\/div>\n<p>Produktvideos:<br \/>\n<strong>29-5-2016:<\/strong><br \/>\nVerkehrsampeln und AutoMobilia.<\/p>\n<div class=\"jetpack-video-wrapper\"><span class=\"embed-youtube\" style=\"text-align:center; display: block;\"><iframe loading=\"lazy\" class=\"youtube-player\" width=\"800\" height=\"450\" src=\"https:\/\/www.youtube.com\/embed\/tklyLEyNXs0?version=3&#038;rel=1&#038;showsearch=0&#038;showinfo=1&#038;iv_load_policy=1&#038;fs=1&#038;hl=de-DE&#038;autohide=2&#038;wmode=transparent\" allowfullscreen=\"true\" style=\"border:0;\" sandbox=\"allow-scripts allow-same-origin allow-popups allow-presentation allow-popups-to-escape-sandbox\"><\/iframe><\/span><\/div>\n<p><strong>2-4-2016:<\/strong><br \/>\nNEU: Autoverlad!<\/p>\n<div class=\"jetpack-video-wrapper\"><span class=\"embed-youtube\" style=\"text-align:center; display: block;\"><iframe loading=\"lazy\" class=\"youtube-player\" width=\"800\" height=\"450\" src=\"https:\/\/www.youtube.com\/embed\/UHbnWtBxIiE?version=3&#038;rel=1&#038;showsearch=0&#038;showinfo=1&#038;iv_load_policy=1&#038;fs=1&#038;hl=de-DE&#038;autohide=2&#038;wmode=transparent\" allowfullscreen=\"true\" style=\"border:0;\" sandbox=\"allow-scripts allow-same-origin allow-popups allow-presentation allow-popups-to-escape-sandbox\"><\/iframe><\/span><\/div>\n","protected":false},"excerpt":{"rendered":"<p>Hier k\u00f6nnen sie Videos anschauen Volker Deckert macht ein erste test-run Maxim de Donder: Michael Dauber: Jack Ailes: AutoMobilia tijdens<\/p>\n","protected":false},"author":1,"featured_media":0,"parent":0,"menu_order":57,"comment_status":"closed","ping_status":"closed","template":"","meta":{"jetpack_post_was_ever_published":false,"footnotes":""},"class_list":["post-331","page","type-page","status-publish","hentry"],"jetpack_sharing_enabled":true,"jetpack_shortlink":"https:\/\/wp.me\/P9JDwr-5l","jetpack_likes_enabled":true,"jetpack-related-posts":[{"id":279,"url":"https:\/\/webshop.edgb.nl\/de\/downloads\/","url_meta":{"origin":331,"position":0},"title":"Downloads","author":"Ed de Bruijn","date":"Freitag, der 22. Januar 2016","format":false,"excerpt":"Auf diese Seite finden sie verschiedene Downloads Neue Gebrauchsanleitungen (Lidar, Versie 4.1): Generelle AutoMobilia Gebrauchsanleitung Holl\u00e4ndisch (.PDF) Generelle AutoMobilia Gebrauchsanleitung Deutsch (.PDF) Generelle AutoMobilia Gebrauchsanleitung Englisch (.PDF) Gebrauchsanleitungen (Speed control, Version 3.4): Generelle AutoMobilia Gebrauchsanleitung Holl\u00e4ndisch (.PDF) Generelle AutoMobilia Gebrauchsanleitung Deutsch (.PDF) Generelle AutoMobilia Gebrauchsanleitung Englisch (.PDF) Gebrauchsanleitungen (Arduino, Version\u2026","rel":"","context":"\u00c4hnlicher Beitrag","block_context":{"text":"\u00c4hnlicher Beitrag","link":""},"img":{"alt_text":"","src":"","width":0,"height":0},"classes":[]},{"id":4,"url":"https:\/\/webshop.edgb.nl\/de\/","url_meta":{"origin":331,"position":1},"title":"Onlineshop","author":"Ed de Bruijn","date":"Dienstag, der  8. Dezember 2015","format":false,"excerpt":"Herzlich Willkommen in die AutoMobilia Onlineshop von Ed's Garten Bahn! Seit Januar 2016 bringt Ed's Garten Bahn mehr Leben in Ihre Gartenbahn. Die selbstfahrenden Autos von AutoMobilia machen Ihre Anlage lebendig und realistisch. Egal, ob Sie ein Auto rund um die Kirche fahren oder eine komplette Stra\u00dfenszene imitieren - AutoMobilia\u2026","rel":"","context":"\u00c4hnlicher Beitrag","block_context":{"text":"\u00c4hnlicher Beitrag","link":""},"img":{"alt_text":"","src":"","width":0,"height":0},"classes":[]},{"id":243,"url":"https:\/\/webshop.edgb.nl\/de\/geometrie\/","url_meta":{"origin":331,"position":2},"title":"Geometrie","author":"Ed de Bruijn","date":"Dienstag, der  5. Januar 2016","format":false,"excerpt":"Wenn sie die Standard Fahrbahnteile von AutoMobilia nutzen m\u00f6chte, k\u00f6nnen sie hier die Masse anschauen. Die wichtigste finden sie hierunter. Die Fahrdraht ist auch eingezeichnet, normalerweise sehen sie diese nicht. Wir m\u00f6chten sie Aufmerksam machen das wir fast jedes Fahrbahnteil speziell f\u00fcr sie machen k\u00f6nnen. So brauchen sie etwas spezielles:\u2026","rel":"","context":"\u00c4hnlicher Beitrag","block_context":{"text":"\u00c4hnlicher Beitrag","link":""},"img":{"alt_text":"MatenBaandelen_1","src":"https:\/\/i0.wp.com\/www.webshop.edgb.nl\/wp-content\/uploads\/2016\/01\/MatenBaandelen_1.jpg?resize=350%2C200","width":350,"height":200,"srcset":"https:\/\/i0.wp.com\/www.webshop.edgb.nl\/wp-content\/uploads\/2016\/01\/MatenBaandelen_1.jpg?resize=350%2C200 1x, https:\/\/i0.wp.com\/www.webshop.edgb.nl\/wp-content\/uploads\/2016\/01\/MatenBaandelen_1.jpg?resize=525%2C300 1.5x, https:\/\/i0.wp.com\/www.webshop.edgb.nl\/wp-content\/uploads\/2016\/01\/MatenBaandelen_1.jpg?resize=700%2C400 2x"},"classes":[]}],"_links":{"self":[{"href":"https:\/\/webshop.edgb.nl\/de\/wp-json\/wp\/v2\/pages\/331","targetHints":{"allow":["GET"]}}],"collection":[{"href":"https:\/\/webshop.edgb.nl\/de\/wp-json\/wp\/v2\/pages"}],"about":[{"href":"https:\/\/webshop.edgb.nl\/de\/wp-json\/wp\/v2\/types\/page"}],"author":[{"embeddable":true,"href":"https:\/\/webshop.edgb.nl\/de\/wp-json\/wp\/v2\/users\/1"}],"replies":[{"embeddable":true,"href":"https:\/\/webshop.edgb.nl\/de\/wp-json\/wp\/v2\/comments?post=331"}],"version-history":[{"count":21,"href":"https:\/\/webshop.edgb.nl\/de\/wp-json\/wp\/v2\/pages\/331\/revisions"}],"predecessor-version":[{"id":7660,"href":"https:\/\/webshop.edgb.nl\/de\/wp-json\/wp\/v2\/pages\/331\/revisions\/7660"}],"wp:attachment":[{"href":"https:\/\/webshop.edgb.nl\/de\/wp-json\/wp\/v2\/media?parent=331"}],"curies":[{"name":"wp","href":"https:\/\/api.w.org\/{rel}","templated":true}]}}