{"id":7,"date":"2015-12-08T13:09:11","date_gmt":"2015-12-08T12:09:11","guid":{"rendered":"http:\/\/www.webshop.edgb.nl\/my-account\/"},"modified":"2022-11-24T10:15:48","modified_gmt":"2022-11-24T09:15:48","slug":"my-account","status":"publish","type":"page","link":"https:\/\/webshop.edgb.nl\/de\/my-account\/","title":{"rendered":"Meine Daten"},"content":{"rendered":"<div class=\"woocommerce\"><\/div>\n","protected":false},"excerpt":{"rendered":"","protected":false},"author":1,"featured_media":0,"parent":0,"menu_order":40,"comment_status":"closed","ping_status":"closed","template":"","meta":{"jetpack_post_was_ever_published":false,"footnotes":""},"class_list":["post-7","page","type-page","status-publish","hentry"],"jetpack_sharing_enabled":true,"jetpack_shortlink":"https:\/\/wp.me\/P9JDwr-7","jetpack_likes_enabled":true,"jetpack-related-posts":[{"id":6,"url":"https:\/\/webshop.edgb.nl\/de\/checkout\/","url_meta":{"origin":7,"position":0},"title":"Kasse","author":"Ed de Bruijn","date":"Dienstag, der  8. Dezember 2015","format":false,"excerpt":"Sie sind jetzt in die Kasse. Hier k\u00f6nnen sie Ihr Name und Adresse eingeben. Auch k\u00f6nnen Sie ein Benutzername und Kennwort eingeben. So bald sie Ihre Land w\u00e4hlen werden die Versandoptionen und Betrage sichtbar. Sie k\u00f6nnen die Waren auch in Bussum (Niederlande) abholen. Nach Best\u00e4tigung von ihre Bestellung bekommen sie\u2026","rel":"","context":"\u00c4hnlicher Beitrag","block_context":{"text":"\u00c4hnlicher Beitrag","link":""},"img":{"alt_text":"","src":"","width":0,"height":0},"classes":[]},{"id":130,"url":"https:\/\/webshop.edgb.nl\/de\/contact\/","url_meta":{"origin":7,"position":1},"title":"Kontakt","author":"Ed de Bruijn","date":"Freitag, der 11. Dezember 2015","format":false,"excerpt":"[contact-form-7 id=\"133\" title=\"Contactformulier 2\"] Unsere Daten: Ed's Garten Bahn Bakkerskampstraat 18 7084 AH Breedenbroek Niederlande MwSt.nr: NL001531846B69 KvK.nr: 32105650 F\u00fcr alle Lieferungen gelden unsere AGB's. Sie k\u00f6nnen diese hier runterladen.","rel":"","context":"\u00c4hnlicher Beitrag","block_context":{"text":"\u00c4hnlicher Beitrag","link":""},"img":{"alt_text":"","src":"","width":0,"height":0},"classes":[]},{"id":5,"url":"https:\/\/webshop.edgb.nl\/de\/cart\/","url_meta":{"origin":7,"position":2},"title":"Warenkorb","author":"Ed de Bruijn","date":"Dienstag, der  8. Dezember 2015","format":false,"excerpt":"","rel":"","context":"\u00c4hnlicher Beitrag","block_context":{"text":"\u00c4hnlicher Beitrag","link":""},"img":{"alt_text":"","src":"","width":0,"height":0},"classes":[]},{"id":329,"url":"https:\/\/webshop.edgb.nl\/de\/checkout\/review-order\/","url_meta":{"origin":7,"position":3},"title":"Checkout &rarr; Review Order","author":"Ed de Bruijn","date":"Mittwoch, der 17. Februar 2016","format":false,"excerpt":"[woocommerce_review_order]","rel":"","context":"\u00c4hnlicher Beitrag","block_context":{"text":"\u00c4hnlicher Beitrag","link":""},"img":{"alt_text":"","src":"","width":0,"height":0},"classes":[]},{"id":331,"url":"https:\/\/webshop.edgb.nl\/de\/klantenvideos\/","url_meta":{"origin":7,"position":4},"title":"Video","author":"Ed de Bruijn","date":"Mittwoch, der 17. Februar 2016","format":false,"excerpt":"Hier k\u00f6nnen sie Videos anschauen Volker Deckert macht ein erste test-run https:\/\/youtu.be\/BvduZSQwgAM Maxim de Donder: https:\/\/youtu.be\/3zx1HWQEdu8 Michael Dauber: https:\/\/youtu.be\/ZtE0Qw1IG74 Jack Ailes: https:\/\/youtu.be\/oERsXCf-veY AutoMobilia tijdens Rail 2016 https:\/\/youtu.be\/rfkNex1z2Q4 Produktvideos: 29-5-2016: Verkehrsampeln und AutoMobilia. https:\/\/youtu.be\/tklyLEyNXs0 2-4-2016: NEU: Autoverlad! https:\/\/youtu.be\/UHbnWtBxIiE","rel":"","context":"\u00c4hnlicher Beitrag","block_context":{"text":"\u00c4hnlicher Beitrag","link":""},"img":{"alt_text":"","src":"https:\/\/i0.wp.com\/img.youtube.com\/vi\/BvduZSQwgAM\/0.jpg?resize=350%2C200","width":350,"height":200},"classes":[]},{"id":243,"url":"https:\/\/webshop.edgb.nl\/de\/geometrie\/","url_meta":{"origin":7,"position":5},"title":"Geometrie","author":"Ed de Bruijn","date":"Dienstag, der  5. Januar 2016","format":false,"excerpt":"Wenn sie die Standard Fahrbahnteile von AutoMobilia nutzen m\u00f6chte, k\u00f6nnen sie hier die Masse anschauen. Die wichtigste finden sie hierunter. Die Fahrdraht ist auch eingezeichnet, normalerweise sehen sie diese nicht. Wir m\u00f6chten sie Aufmerksam machen das wir fast jedes Fahrbahnteil speziell f\u00fcr sie machen k\u00f6nnen. So brauchen sie etwas spezielles:\u2026","rel":"","context":"\u00c4hnlicher Beitrag","block_context":{"text":"\u00c4hnlicher Beitrag","link":""},"img":{"alt_text":"MatenBaandelen_1","src":"https:\/\/i0.wp.com\/www.webshop.edgb.nl\/wp-content\/uploads\/2016\/01\/MatenBaandelen_1.jpg?resize=350%2C200","width":350,"height":200,"srcset":"https:\/\/i0.wp.com\/www.webshop.edgb.nl\/wp-content\/uploads\/2016\/01\/MatenBaandelen_1.jpg?resize=350%2C200 1x, https:\/\/i0.wp.com\/www.webshop.edgb.nl\/wp-content\/uploads\/2016\/01\/MatenBaandelen_1.jpg?resize=525%2C300 1.5x, https:\/\/i0.wp.com\/www.webshop.edgb.nl\/wp-content\/uploads\/2016\/01\/MatenBaandelen_1.jpg?resize=700%2C400 2x"},"classes":[]}],"_links":{"self":[{"href":"https:\/\/webshop.edgb.nl\/de\/wp-json\/wp\/v2\/pages\/7","targetHints":{"allow":["GET"]}}],"collection":[{"href":"https:\/\/webshop.edgb.nl\/de\/wp-json\/wp\/v2\/pages"}],"about":[{"href":"https:\/\/webshop.edgb.nl\/de\/wp-json\/wp\/v2\/types\/page"}],"author":[{"embeddable":true,"href":"https:\/\/webshop.edgb.nl\/de\/wp-json\/wp\/v2\/users\/1"}],"replies":[{"embeddable":true,"href":"https:\/\/webshop.edgb.nl\/de\/wp-json\/wp\/v2\/comments?post=7"}],"version-history":[{"count":5,"href":"https:\/\/webshop.edgb.nl\/de\/wp-json\/wp\/v2\/pages\/7\/revisions"}],"predecessor-version":[{"id":7654,"href":"https:\/\/webshop.edgb.nl\/de\/wp-json\/wp\/v2\/pages\/7\/revisions\/7654"}],"wp:attachment":[{"href":"https:\/\/webshop.edgb.nl\/de\/wp-json\/wp\/v2\/media?parent=7"}],"curies":[{"name":"wp","href":"https:\/\/api.w.org\/{rel}","templated":true}]}}