{"id":552,"date":"2016-10-09T13:48:41","date_gmt":"2016-10-09T12:48:41","guid":{"rendered":"http:\/\/www.webshop.edgb.nl\/product\/30017\/"},"modified":"2022-11-14T15:03:19","modified_gmt":"2022-11-14T14:03:19","slug":"30017","status":"publish","type":"product","link":"https:\/\/webshop.edgb.nl\/de\/product\/30017\/","title":{"rendered":"Steuerung f\u00fcr Verkehrsampeln &#8211; DLD"},"content":{"rendered":"<p>Endlich gibt es ein Ansteuerung f\u00fcr Verkehrsampeln welche recht getreu ist. Diese Steuerung ist f\u00fcr ein perfekte Sicherung von ihre Kreuzung mit AutoMobilia Autos. Es gibt ein Moment wobei alle Leuchten rot sind (3 Sekunden) womit alle Autos anhalten. Wenn das Licht auf orange geht fahren der Autos noch durch, aber wenn es sch\u00f6n 2 Sekunden auf orange steht halten der Autos an. Und wenn das Licht auf gr\u00fcn geht fahrt das Auto nicht gleich ab, aber er wartet noch ein bisschen. Der Ablauf ist Deutsch: gr\u00fcn-orange-rot-rot\/orange-gr\u00fcn. Nummer 30012 bietet ein Holl\u00e4ndische Ablauf. Ein Print f\u00fcr 2 Stop-und-Go Fahrbahnteile ist bei geschlossen.<\/p>\n<p>F\u00fcr die Steuerung wird ein Arduino Rechner genutzt. Diese ist vorprogrammiert und fangt an zu laufen so bald das Teil gespeist wird (max. 18 V Gleichstrom).<\/p>\n<p>Ein Fil von Ablauf ist hier zu sehen:<\/p>\n<div class=\"jetpack-video-wrapper\"><span class=\"embed-youtube\" style=\"text-align:center; display: block;\"><iframe loading=\"lazy\" class=\"youtube-player\" width=\"800\" height=\"450\" src=\"https:\/\/www.youtube.com\/embed\/fhCFiaa0Ci4?version=3&#038;rel=1&#038;showsearch=0&#038;showinfo=1&#038;iv_load_policy=1&#038;fs=1&#038;hl=de-DE&#038;autohide=2&#038;wmode=transparent\" allowfullscreen=\"true\" style=\"border:0;\" sandbox=\"allow-scripts allow-same-origin allow-popups allow-presentation allow-popups-to-escape-sandbox\"><\/iframe><\/span><\/div>\n<p>Masse: 56 x 36 x 22 mm<br \/>\n12 Anschlusse<br \/>\nInput: maximal 18 V GleichstromEndlich gibt es ein Ansteuerung f\u00fcr Verkehrsampeln welche recht getreu ist. Diese Steuerung ist f\u00fcr ein perfekte Sicherung von ihre Kreuzung mit AutoMobilia Autos. Es gibt ein Moment wobei alle Leuchten rot sind (3 Sekunden) womit alle Autos anhalten. Wenn das Licht auf orange geht fahren der Autos noch durch, aber wenn es sch\u00f6n 2 Sekunden auf orange steht halten der Autos an. Und wenn das Licht auf gr\u00fcn geht fahrt das Auto nicht gleich ab, aber er wartet noch ein bisschen. Der Ablauf ist Deutsch: gr\u00fcn-orange-rot-rot\/orange-gr\u00fcn. Nummer 30012 bietet ein Holl\u00e4ndische Ablauf. Ein Print f\u00fcr 2 Stop-und-Go Fahrbahnteile ist bei geschlossen.<\/p>\n<p>F\u00fcr die Steuerung wird ein Arduino Rechner genutzt. Diese ist vorprogrammiert und fangt an zu laufen so bald das Teil gespeist wird (max. 18 V Gleichstrom).<\/p>\n<p>Ein Fil von Ablauf ist hier zu sehen:<\/p>\n<div class=\"jetpack-video-wrapper\"><span class=\"embed-youtube\" style=\"text-align:center; display: block;\"><iframe loading=\"lazy\" class=\"youtube-player\" width=\"800\" height=\"450\" src=\"https:\/\/www.youtube.com\/embed\/fhCFiaa0Ci4?version=3&#038;rel=1&#038;showsearch=0&#038;showinfo=1&#038;iv_load_policy=1&#038;fs=1&#038;hl=de-DE&#038;autohide=2&#038;wmode=transparent\" allowfullscreen=\"true\" style=\"border:0;\" sandbox=\"allow-scripts allow-same-origin allow-popups allow-presentation allow-popups-to-escape-sandbox\"><\/iframe><\/span><\/div>\n<p>Masse: 56 x 36 x 22 mm<br \/>\n12 Anschlusse<br \/>\nInput: maximal 18 V Gleichstrom<\/p>","protected":false},"excerpt":{"rendered":"<p>Endlich gibt es ein Ansteuerung f\u00fcr Verkehrsampeln welche recht getreu ist. Diese Steuerung ist f\u00fcr ein perfekte Sicherung von ihre<\/p>\n","protected":false},"featured_media":556,"template":"","meta":{"jetpack_publicize_message":"","jetpack_publicize_feature_enabled":true,"jetpack_social_post_already_shared":false,"jetpack_social_options":{"image_generator_settings":{"template":"highway","default_image_id":0,"font":"","enabled":false},"version":2}},"product_brand":[],"product_cat":[7],"product_tag":[],"class_list":{"0":"post-552","1":"product","2":"type-product","3":"status-publish","4":"has-post-thumbnail","6":"product_cat-baandelen","8":"first","9":"instock","10":"taxable","11":"shipping-taxable","12":"purchasable","13":"product-type-simple"},"jetpack_publicize_connections":[],"jetpack_sharing_enabled":true,"jetpack_likes_enabled":true,"jetpack-related-posts":[{"id":551,"url":"https:\/\/webshop.edgb.nl\/de\/product\/30012\/","url_meta":{"origin":552,"position":0},"title":"Steuerung f\u00fcr Verkehrsampeln &#8211; NL","author":"Ed de Bruijn","date":"Sonntag, der  9. Oktober 2016","format":false,"excerpt":"Endlich gibt es ein Ansteuerung f\u00fcr Verkehrsampeln welche recht getreu ist. Diese Steuerung ist f\u00fcr ein perfekte Sicherung von ihre Kreuzung mit AutoMobilia Autos. Es gibt ein Moment wobei alle Leuchten rot sind (3 Sekunden) womit alle Autos anhalten. Wenn das Licht auf orange geht fahren der Autos noch durch,\u2026","rel":"","context":"\u00c4hnlicher Beitrag","block_context":{"text":"\u00c4hnlicher Beitrag","link":""},"img":{"alt_text":"","src":"https:\/\/i0.wp.com\/webshop.edgb.nl\/wp-content\/uploads\/2016\/10\/Stoplichtbesturing.jpg?resize=350%2C200&ssl=1","width":350,"height":200},"classes":[]},{"id":391,"url":"https:\/\/webshop.edgb.nl\/de\/product\/20099\/","url_meta":{"origin":552,"position":1},"title":"Autoverlad","author":"Ed de Bruijn","date":"Samstag, der  2. April 2016","format":false,"excerpt":"\u00a0 \u00a0 \u00a0 \u00a0 \u00a0 \u00a0 \u00a0 \u00a0 \u00a0 \u00a0 \u00a0 \u00a0","rel":"","context":"\u00c4hnlicher Beitrag","block_context":{"text":"\u00c4hnlicher Beitrag","link":""},"img":{"alt_text":"","src":"https:\/\/i0.wp.com\/webshop.edgb.nl\/wp-content\/uploads\/2016\/04\/IMG_1104_kl.jpg?resize=350%2C200&ssl=1","width":350,"height":200,"srcset":"https:\/\/i0.wp.com\/webshop.edgb.nl\/wp-content\/uploads\/2016\/04\/IMG_1104_kl.jpg?resize=350%2C200&ssl=1 1x, https:\/\/i0.wp.com\/webshop.edgb.nl\/wp-content\/uploads\/2016\/04\/IMG_1104_kl.jpg?resize=525%2C300&ssl=1 1.5x, https:\/\/i0.wp.com\/webshop.edgb.nl\/wp-content\/uploads\/2016\/04\/IMG_1104_kl.jpg?resize=700%2C400&ssl=1 2x"},"classes":[]},{"id":15,"url":"https:\/\/webshop.edgb.nl\/de\/product\/20021\/","url_meta":{"origin":552,"position":2},"title":"Citro\u00ebn Hy","author":"Ed de Bruijn","date":"Dienstag, der  8. Dezember 2015","format":false,"excerpt":"\u00a0 \u00a0 \u00a0 \u00a0 \u00a0 \u00a0","rel":"","context":"\u00c4hnlicher Beitrag","block_context":{"text":"\u00c4hnlicher Beitrag","link":""},"img":{"alt_text":"","src":"https:\/\/i0.wp.com\/webshop.edgb.nl\/wp-content\/uploads\/2015\/12\/Citroen_Hy_zilver_02.jpg?resize=350%2C200&ssl=1","width":350,"height":200,"srcset":"https:\/\/i0.wp.com\/webshop.edgb.nl\/wp-content\/uploads\/2015\/12\/Citroen_Hy_zilver_02.jpg?resize=350%2C200&ssl=1 1x, https:\/\/i0.wp.com\/webshop.edgb.nl\/wp-content\/uploads\/2015\/12\/Citroen_Hy_zilver_02.jpg?resize=525%2C300&ssl=1 1.5x, https:\/\/i0.wp.com\/webshop.edgb.nl\/wp-content\/uploads\/2015\/12\/Citroen_Hy_zilver_02.jpg?resize=700%2C400&ssl=1 2x"},"classes":[]},{"id":3917,"url":"https:\/\/webshop.edgb.nl\/de\/product\/laadapparaat\/","url_meta":{"origin":552,"position":3},"title":"Ladeger\u00e4t","author":"Ed de Bruijn","date":"Samstag, der 23. November 2019","format":false,"excerpt":"Auf die LiPo-Akkus in AutoMobilia-Fahrzeugen zugeschnittenes Ladeger\u00e4t.","rel":"","context":"\u00c4hnlicher Beitrag","block_context":{"text":"\u00c4hnlicher Beitrag","link":""},"img":{"alt_text":"","src":"https:\/\/i0.wp.com\/webshop.edgb.nl\/wp-content\/uploads\/2019\/11\/Lader_1.jpg?resize=350%2C200&ssl=1","width":350,"height":200,"srcset":"https:\/\/i0.wp.com\/webshop.edgb.nl\/wp-content\/uploads\/2019\/11\/Lader_1.jpg?resize=350%2C200&ssl=1 1x, https:\/\/i0.wp.com\/webshop.edgb.nl\/wp-content\/uploads\/2019\/11\/Lader_1.jpg?resize=525%2C300&ssl=1 1.5x, https:\/\/i0.wp.com\/webshop.edgb.nl\/wp-content\/uploads\/2019\/11\/Lader_1.jpg?resize=700%2C400&ssl=1 2x, https:\/\/i0.wp.com\/webshop.edgb.nl\/wp-content\/uploads\/2019\/11\/Lader_1.jpg?resize=1050%2C600&ssl=1 3x, https:\/\/i0.wp.com\/webshop.edgb.nl\/wp-content\/uploads\/2019\/11\/Lader_1.jpg?resize=1400%2C800&ssl=1 4x"},"classes":[]},{"id":549,"url":"https:\/\/webshop.edgb.nl\/de\/product\/30010\/","url_meta":{"origin":552,"position":4},"title":"Satz Verkehrsampeln, NL Ausf\u00fchrung","author":"Ed de Bruijn","date":"Sonntag, der  9. Oktober 2016","format":false,"excerpt":"2 Verkehrsampeln in Niederl\u00e4ndische Ausf\u00fchrung2 Verkehrsampeln in Niederl\u00e4ndische Ausf\u00fchrung","rel":"","context":"\u00c4hnlicher Beitrag","block_context":{"text":"\u00c4hnlicher Beitrag","link":""},"img":{"alt_text":"","src":"","width":0,"height":0},"classes":[]},{"id":550,"url":"https:\/\/webshop.edgb.nl\/de\/product\/30015\/","url_meta":{"origin":552,"position":5},"title":"Satz Verkehrsampeln","author":"Ed de Bruijn","date":"Sonntag, der  9. Oktober 2016","format":false,"excerpt":"2 Verkehrsampeln mit Led's2 Verkehrsampeln mit Led's","rel":"","context":"\u00c4hnlicher Beitrag","block_context":{"text":"\u00c4hnlicher Beitrag","link":""},"img":{"alt_text":"","src":"","width":0,"height":0},"classes":[]}],"_links":{"self":[{"href":"https:\/\/webshop.edgb.nl\/de\/wp-json\/wp\/v2\/product\/552","targetHints":{"allow":["GET"]}}],"collection":[{"href":"https:\/\/webshop.edgb.nl\/de\/wp-json\/wp\/v2\/product"}],"about":[{"href":"https:\/\/webshop.edgb.nl\/de\/wp-json\/wp\/v2\/types\/product"}],"wp:featuredmedia":[{"embeddable":true,"href":"https:\/\/webshop.edgb.nl\/de\/wp-json\/wp\/v2\/media\/556"}],"wp:attachment":[{"href":"https:\/\/webshop.edgb.nl\/de\/wp-json\/wp\/v2\/media?parent=552"}],"wp:term":[{"taxonomy":"product_brand","embeddable":true,"href":"https:\/\/webshop.edgb.nl\/de\/wp-json\/wp\/v2\/product_brand?post=552"},{"taxonomy":"product_cat","embeddable":true,"href":"https:\/\/webshop.edgb.nl\/de\/wp-json\/wp\/v2\/product_cat?post=552"},{"taxonomy":"product_tag","embeddable":true,"href":"https:\/\/webshop.edgb.nl\/de\/wp-json\/wp\/v2\/product_tag?post=552"}],"curies":[{"name":"wp","href":"https:\/\/api.w.org\/{rel}","templated":true}]}}