{"id":651,"date":"2017-03-15T15:38:11","date_gmt":"2017-03-15T14:38:11","guid":{"rendered":"http:\/\/www.webshop.edgb.nl\/product\/20081\/"},"modified":"2025-09-16T07:06:17","modified_gmt":"2025-09-16T06:06:17","slug":"20081","status":"publish","type":"product","link":"https:\/\/webshop.edgb.nl\/de\/product\/20081\/","title":{"rendered":"BMW 2002 Ti Blau"},"content":{"rendered":"<p>BMW 2002 Ti blau<\/p>\n<ul>\n<li>LiPo Akku<\/li>\n<li>Einstellbare Geschwindigkeit<\/li>\n<li>Mit LiPo Alarm<\/li>\n<li>LIDAR<\/li>\n<li>Neue Elektromotor<\/li>\n<li>Infrarot Sensoren<\/li>\n<li>Arduino Mikrocomputer mit Akku\u00fcberwachung<\/li>\n<li>Fahrzeit 3-5 Stunden auf eine Ladung<\/li>\n<li>Ladeger\u00e4t separat erhaltlich<\/li>\n<\/ul>\n<p>BMW 2002 Ti blau<\/p>\n<ul>\n<li>LiPo Akku<\/li>\n<li>Einstellbare Geschwindigkeit<\/li>\n<li>Mit LiPo Alarm<\/li>\n<li>LIDAR<\/li>\n<li>Neue Elektromotor<\/li>\n<li>Infrarot Sensoren<\/li>\n<li>Arduino Mikrocomputer mit Akku\u00fcberwachung<\/li>\n<li>Fahrzeit 3-5 Stunden auf eine Ladung<\/li>\n<li>Ladeger\u00e4t separat erhaltlich<\/li>\n<\/ul>\n<p><\/p>","protected":false},"excerpt":{"rendered":"<p>\u00a0&nbsp;<\/p>\n","protected":false},"featured_media":648,"template":"","meta":{"jetpack_publicize_message":"","jetpack_publicize_feature_enabled":true,"jetpack_social_post_already_shared":false,"jetpack_social_options":{"image_generator_settings":{"template":"highway","default_image_id":0,"font":"","enabled":false},"version":2}},"product_brand":[],"product_cat":[6],"product_tag":[],"class_list":{"0":"post-651","1":"product","2":"type-product","3":"status-publish","4":"has-post-thumbnail","6":"product_cat-auto","8":"first","9":"instock","10":"taxable","11":"shipping-taxable","12":"purchasable","13":"product-type-simple"},"jetpack_publicize_connections":[],"jetpack_sharing_enabled":true,"jetpack_likes_enabled":true,"jetpack-related-posts":[{"id":420,"url":"https:\/\/webshop.edgb.nl\/de\/product\/20080\/","url_meta":{"origin":651,"position":0},"title":"BMW 2002 Ti","author":"Ed de Bruijn","date":"Samstag, der 30. April 2016","format":false,"excerpt":"\u00a0\u00a0\u00a0\u00a0\u00a0\u00a0\u00a0\u00a0\u00a0\u00a0\u00a0\u00a0\u00a0\u00a0\u00a0\u00a0","rel":"","context":"Mit 1 Kommentar","block_context":{"text":"Mit 1 Kommentar","link":"https:\/\/webshop.edgb.nl\/de\/product\/20080\/#comments"},"img":{"alt_text":"","src":"https:\/\/i0.wp.com\/webshop.edgb.nl\/wp-content\/uploads\/2015\/12\/BMW_2002_oranje_02.jpg?resize=350%2C200&ssl=1","width":350,"height":200,"srcset":"https:\/\/i0.wp.com\/webshop.edgb.nl\/wp-content\/uploads\/2015\/12\/BMW_2002_oranje_02.jpg?resize=350%2C200&ssl=1 1x, https:\/\/i0.wp.com\/webshop.edgb.nl\/wp-content\/uploads\/2015\/12\/BMW_2002_oranje_02.jpg?resize=525%2C300&ssl=1 1.5x, https:\/\/i0.wp.com\/webshop.edgb.nl\/wp-content\/uploads\/2015\/12\/BMW_2002_oranje_02.jpg?resize=700%2C400&ssl=1 2x"},"classes":[]},{"id":652,"url":"https:\/\/webshop.edgb.nl\/de\/product\/20082\/","url_meta":{"origin":651,"position":1},"title":"BMW 2002 Ti rot","author":"Ed de Bruijn","date":"Mittwoch, der 15. M\u00e4rz 2017","format":false,"excerpt":"BMW 2002 Ti ror LiPo Akku Einstellbare Geschwindigkeit Mit LiPo Alarm LIDAR Neue Elektromotor Infrarot Sensoren Arduino Mikrocomputer mit Akku\u00fcberwachung Fahrzeit 3-5 Stunden auf eine Ladung Ladeger\u00e4t separat erhaltlich BMW 2002 Ti ror LiPo Akku Einstellbare Geschwindigkeit Mit LiPo Alarm LIDAR Neue Elektromotor Infrarot Sensoren Arduino Mikrocomputer mit Akku\u00fcberwachung Fahrzeit\u2026","rel":"","context":"\u00c4hnlicher Beitrag","block_context":{"text":"\u00c4hnlicher Beitrag","link":""},"img":{"alt_text":"","src":"https:\/\/i0.wp.com\/webshop.edgb.nl\/wp-content\/uploads\/2017\/03\/IMG_9717.jpg?resize=350%2C200&ssl=1","width":350,"height":200,"srcset":"https:\/\/i0.wp.com\/webshop.edgb.nl\/wp-content\/uploads\/2017\/03\/IMG_9717.jpg?resize=350%2C200&ssl=1 1x, https:\/\/i0.wp.com\/webshop.edgb.nl\/wp-content\/uploads\/2017\/03\/IMG_9717.jpg?resize=525%2C300&ssl=1 1.5x, https:\/\/i0.wp.com\/webshop.edgb.nl\/wp-content\/uploads\/2017\/03\/IMG_9717.jpg?resize=700%2C400&ssl=1 2x, https:\/\/i0.wp.com\/webshop.edgb.nl\/wp-content\/uploads\/2017\/03\/IMG_9717.jpg?resize=1050%2C600&ssl=1 3x, https:\/\/i0.wp.com\/webshop.edgb.nl\/wp-content\/uploads\/2017\/03\/IMG_9717.jpg?resize=1400%2C800&ssl=1 4x"},"classes":[]},{"id":503,"url":"https:\/\/webshop.edgb.nl\/de\/product\/20012\/","url_meta":{"origin":651,"position":2},"title":"VW T1 Pritschenwagen","author":"Ed de Bruijn","date":"Donnerstag, der 28. Juli 2016","format":false,"excerpt":"Modell eine Volkswagen T1 Pritschenwagen Farbe t\u00fcrkis\/weiss Starke Motor Einstellbare Geschwindigkeit Grosse LiPo Akku f\u00fcr lange Fahrzeiten Mit Infrarot Schaltung LIDAR Anschluss f\u00fcr Ladeger\u00e4t in die Boden Arduino Mikrocomputer mit Akku\u00fcberwachung Ladeger\u00e4t separat erhaltlich Modell eine Volkswagen T1 Pritschenwagen Farbe t\u00fcrkis\/weiss Starke Motor Einstellbare Geschwindigkeit Grosse LiPo Akku f\u00fcr lange\u2026","rel":"","context":"\u00c4hnlicher Beitrag","block_context":{"text":"\u00c4hnlicher Beitrag","link":""},"img":{"alt_text":"","src":"https:\/\/i0.wp.com\/webshop.edgb.nl\/wp-content\/uploads\/2016\/07\/DSCF0191.jpg?resize=350%2C200&ssl=1","width":350,"height":200,"srcset":"https:\/\/i0.wp.com\/webshop.edgb.nl\/wp-content\/uploads\/2016\/07\/DSCF0191.jpg?resize=350%2C200&ssl=1 1x, https:\/\/i0.wp.com\/webshop.edgb.nl\/wp-content\/uploads\/2016\/07\/DSCF0191.jpg?resize=525%2C300&ssl=1 1.5x, https:\/\/i0.wp.com\/webshop.edgb.nl\/wp-content\/uploads\/2016\/07\/DSCF0191.jpg?resize=700%2C400&ssl=1 2x"},"classes":[]},{"id":429,"url":"https:\/\/webshop.edgb.nl\/de\/product\/20001\/","url_meta":{"origin":651,"position":3},"title":"Startpackung BMW 2002 Ti","author":"Ed de Bruijn","date":"Montag, der  9. Mai 2016","format":false,"excerpt":"Startpackung womit Sie gleich anf\u00e4ngen k\u00f6nnen. Inhalt: BMW 2002 Ti blau oder rot Lipo Ladeger\u00e4t 2 Fahrbahnteile gerade 360 mm Nummer 20360 12\u00a0 Fahrbahnteile Innenkurve Nummer 21030 Abmessungen Oval: 108 x 72 cm Bitten scheiben Sie in die Bemerkungen welche Farbe Sie bestellen m\u00f6chte \u00a0Startpackung womit Sie gleich anf\u00e4ngen k\u00f6nnen.\u2026","rel":"","context":"\u00c4hnlicher Beitrag","block_context":{"text":"\u00c4hnlicher Beitrag","link":""},"img":{"alt_text":"","src":"https:\/\/i0.wp.com\/webshop.edgb.nl\/wp-content\/uploads\/2015\/12\/BMW_2002_oranje_02.jpg?resize=350%2C200&ssl=1","width":350,"height":200,"srcset":"https:\/\/i0.wp.com\/webshop.edgb.nl\/wp-content\/uploads\/2015\/12\/BMW_2002_oranje_02.jpg?resize=350%2C200&ssl=1 1x, https:\/\/i0.wp.com\/webshop.edgb.nl\/wp-content\/uploads\/2015\/12\/BMW_2002_oranje_02.jpg?resize=525%2C300&ssl=1 1.5x, https:\/\/i0.wp.com\/webshop.edgb.nl\/wp-content\/uploads\/2015\/12\/BMW_2002_oranje_02.jpg?resize=700%2C400&ssl=1 2x"},"classes":[]},{"id":760,"url":"https:\/\/webshop.edgb.nl\/de\/product\/20018\/","url_meta":{"origin":651,"position":4},"title":"VW T1 Feuerwehr","author":"Ed de Bruijn","date":"Mittwoch, der 20. Dezember 2017","format":false,"excerpt":"\u00a0\u00a0\u00a0\u00a0","rel":"","context":"\u00c4hnlicher Beitrag","block_context":{"text":"\u00c4hnlicher Beitrag","link":""},"img":{"alt_text":"","src":"","width":0,"height":0},"classes":[]},{"id":426,"url":"https:\/\/webshop.edgb.nl\/de\/product\/20051\/","url_meta":{"origin":651,"position":5},"title":"Trabant 601","author":"Ed de Bruijn","date":"Montag, der  9. Mai 2016","format":false,"excerpt":"\u00a0 \u00a0 \u00a0","rel":"","context":"\u00c4hnlicher Beitrag","block_context":{"text":"\u00c4hnlicher Beitrag","link":""},"img":{"alt_text":"","src":"https:\/\/i0.wp.com\/webshop.edgb.nl\/wp-content\/uploads\/2015\/12\/Trabant_601_blauw_02.jpg?resize=350%2C200&ssl=1","width":350,"height":200,"srcset":"https:\/\/i0.wp.com\/webshop.edgb.nl\/wp-content\/uploads\/2015\/12\/Trabant_601_blauw_02.jpg?resize=350%2C200&ssl=1 1x, https:\/\/i0.wp.com\/webshop.edgb.nl\/wp-content\/uploads\/2015\/12\/Trabant_601_blauw_02.jpg?resize=525%2C300&ssl=1 1.5x, https:\/\/i0.wp.com\/webshop.edgb.nl\/wp-content\/uploads\/2015\/12\/Trabant_601_blauw_02.jpg?resize=700%2C400&ssl=1 2x"},"classes":[]}],"_links":{"self":[{"href":"https:\/\/webshop.edgb.nl\/de\/wp-json\/wp\/v2\/product\/651","targetHints":{"allow":["GET"]}}],"collection":[{"href":"https:\/\/webshop.edgb.nl\/de\/wp-json\/wp\/v2\/product"}],"about":[{"href":"https:\/\/webshop.edgb.nl\/de\/wp-json\/wp\/v2\/types\/product"}],"wp:featuredmedia":[{"embeddable":true,"href":"https:\/\/webshop.edgb.nl\/de\/wp-json\/wp\/v2\/media\/648"}],"wp:attachment":[{"href":"https:\/\/webshop.edgb.nl\/de\/wp-json\/wp\/v2\/media?parent=651"}],"wp:term":[{"taxonomy":"product_brand","embeddable":true,"href":"https:\/\/webshop.edgb.nl\/de\/wp-json\/wp\/v2\/product_brand?post=651"},{"taxonomy":"product_cat","embeddable":true,"href":"https:\/\/webshop.edgb.nl\/de\/wp-json\/wp\/v2\/product_cat?post=651"},{"taxonomy":"product_tag","embeddable":true,"href":"https:\/\/webshop.edgb.nl\/de\/wp-json\/wp\/v2\/product_tag?post=651"}],"curies":[{"name":"wp","href":"https:\/\/api.w.org\/{rel}","templated":true}]}}