{"id":652,"date":"2017-03-15T15:41:31","date_gmt":"2017-03-15T14:41:31","guid":{"rendered":"http:\/\/www.webshop.edgb.nl\/product\/20082\/"},"modified":"2022-11-14T14:39:40","modified_gmt":"2022-11-14T13:39:40","slug":"20082","status":"publish","type":"product","link":"https:\/\/webshop.edgb.nl\/de\/product\/20082\/","title":{"rendered":"BMW 2002 Ti rot"},"content":{"rendered":"<p>BMW 2002 Ti ror<\/p>\n<ul>\n<li>LiPo Akku<\/li>\n<li>Einstellbare Geschwindigkeit<\/li>\n<li>Mit LiPo Alarm<\/li>\n<li>LIDAR<\/li>\n<li>Neue Elektromotor<\/li>\n<li>Infrarot Sensoren<\/li>\n<li>Arduino Mikrocomputer mit Akku\u00fcberwachung<\/li>\n<li>Fahrzeit 3-5 Stunden auf eine Ladung<\/li>\n<li>Ladeger\u00e4t separat erhaltlich<\/li>\n<\/ul>\n<p>BMW 2002 Ti ror<\/p>\n<ul>\n<li>LiPo Akku<\/li>\n<li>Einstellbare Geschwindigkeit<\/li>\n<li>Mit LiPo Alarm<\/li>\n<li>LIDAR<\/li>\n<li>Neue Elektromotor<\/li>\n<li>Infrarot Sensoren<\/li>\n<li>Arduino Mikrocomputer mit Akku\u00fcberwachung<\/li>\n<li>Fahrzeit 3-5 Stunden auf eine Ladung<\/li>\n<li>Ladeger\u00e4t separat erhaltlich<\/li>\n<\/ul>\n<p><\/p>","protected":false},"excerpt":{"rendered":"<p>BMW 2002 Ti ror LiPo Akku Einstellbare Geschwindigkeit Mit LiPo Alarm LIDAR Neue Elektromotor Infrarot Sensoren Arduino Mikrocomputer mit Akku\u00fcberwachung<\/p>\n","protected":false},"featured_media":650,"template":"","meta":{"jetpack_post_was_ever_published":false,"jetpack_publicize_message":"","jetpack_publicize_feature_enabled":true,"jetpack_social_post_already_shared":false,"jetpack_social_options":{"image_generator_settings":{"template":"highway","default_image_id":0,"font":"","enabled":false},"version":2}},"product_brand":[],"product_cat":[6],"product_tag":[],"class_list":{"0":"post-652","1":"product","2":"type-product","3":"status-publish","4":"has-post-thumbnail","6":"product_cat-auto","8":"first","9":"instock","10":"taxable","11":"shipping-taxable","12":"purchasable","13":"product-type-simple"},"jetpack_publicize_connections":[],"jetpack_sharing_enabled":true,"jetpack_likes_enabled":true,"jetpack-related-posts":[{"id":420,"url":"https:\/\/webshop.edgb.nl\/de\/product\/20080\/","url_meta":{"origin":652,"position":0},"title":"BMW 2002 Ti","author":"Ed de Bruijn","date":"Samstag, der 30. April 2016","format":false,"excerpt":"\u00a0\u00a0\u00a0\u00a0\u00a0\u00a0\u00a0\u00a0\u00a0\u00a0\u00a0\u00a0\u00a0\u00a0\u00a0\u00a0","rel":"","context":"Mit 1 Kommentar","block_context":{"text":"Mit 1 Kommentar","link":"https:\/\/webshop.edgb.nl\/de\/product\/20080\/#comments"},"img":{"alt_text":"","src":"https:\/\/i0.wp.com\/webshop.edgb.nl\/wp-content\/uploads\/2015\/12\/BMW_2002_oranje_02.jpg?resize=350%2C200&ssl=1","width":350,"height":200,"srcset":"https:\/\/i0.wp.com\/webshop.edgb.nl\/wp-content\/uploads\/2015\/12\/BMW_2002_oranje_02.jpg?resize=350%2C200&ssl=1 1x, https:\/\/i0.wp.com\/webshop.edgb.nl\/wp-content\/uploads\/2015\/12\/BMW_2002_oranje_02.jpg?resize=525%2C300&ssl=1 1.5x, https:\/\/i0.wp.com\/webshop.edgb.nl\/wp-content\/uploads\/2015\/12\/BMW_2002_oranje_02.jpg?resize=700%2C400&ssl=1 2x"},"classes":[]},{"id":651,"url":"https:\/\/webshop.edgb.nl\/de\/product\/20081\/","url_meta":{"origin":652,"position":1},"title":"BMW 2002 Ti Blau","author":"Ed de Bruijn","date":"Mittwoch, der 15. M\u00e4rz 2017","format":false,"excerpt":"\u00a0\u00a0","rel":"","context":"\u00c4hnlicher Beitrag","block_context":{"text":"\u00c4hnlicher Beitrag","link":""},"img":{"alt_text":"","src":"https:\/\/i0.wp.com\/webshop.edgb.nl\/wp-content\/uploads\/2017\/03\/IMG_9710-kl.jpg?resize=350%2C200&ssl=1","width":350,"height":200,"srcset":"https:\/\/i0.wp.com\/webshop.edgb.nl\/wp-content\/uploads\/2017\/03\/IMG_9710-kl.jpg?resize=350%2C200&ssl=1 1x, https:\/\/i0.wp.com\/webshop.edgb.nl\/wp-content\/uploads\/2017\/03\/IMG_9710-kl.jpg?resize=525%2C300&ssl=1 1.5x, https:\/\/i0.wp.com\/webshop.edgb.nl\/wp-content\/uploads\/2017\/03\/IMG_9710-kl.jpg?resize=700%2C400&ssl=1 2x"},"classes":[]},{"id":429,"url":"https:\/\/webshop.edgb.nl\/de\/product\/20001\/","url_meta":{"origin":652,"position":2},"title":"Startpackung BMW 2002 Ti","author":"Ed de Bruijn","date":"Montag, der  9. Mai 2016","format":false,"excerpt":"Startpackung womit Sie gleich anf\u00e4ngen k\u00f6nnen. Inhalt: BMW 2002 Ti blau oder rot Lipo Ladeger\u00e4t 2 Fahrbahnteile gerade 360 mm Nummer 20360 12\u00a0 Fahrbahnteile Innenkurve Nummer 21030 Abmessungen Oval: 108 x 72 cm Bitten scheiben Sie in die Bemerkungen welche Farbe Sie bestellen m\u00f6chte \u00a0Startpackung womit Sie gleich anf\u00e4ngen k\u00f6nnen.\u2026","rel":"","context":"\u00c4hnlicher Beitrag","block_context":{"text":"\u00c4hnlicher Beitrag","link":""},"img":{"alt_text":"","src":"https:\/\/i0.wp.com\/webshop.edgb.nl\/wp-content\/uploads\/2015\/12\/BMW_2002_oranje_02.jpg?resize=350%2C200&ssl=1","width":350,"height":200,"srcset":"https:\/\/i0.wp.com\/webshop.edgb.nl\/wp-content\/uploads\/2015\/12\/BMW_2002_oranje_02.jpg?resize=350%2C200&ssl=1 1x, https:\/\/i0.wp.com\/webshop.edgb.nl\/wp-content\/uploads\/2015\/12\/BMW_2002_oranje_02.jpg?resize=525%2C300&ssl=1 1.5x, https:\/\/i0.wp.com\/webshop.edgb.nl\/wp-content\/uploads\/2015\/12\/BMW_2002_oranje_02.jpg?resize=700%2C400&ssl=1 2x"},"classes":[]},{"id":8,"url":"https:\/\/webshop.edgb.nl\/de\/product\/20011\/","url_meta":{"origin":652,"position":3},"title":"Volkswagen T1","author":"Ed de Bruijn","date":"Dienstag, der  8. Dezember 2015","format":false,"excerpt":"Farbe gelb\/weiss Neue Motor LiPo Akku Infrarot Sensor LIDAR Arduino Mikrocomputer mit Akku\u00fcberwachung LiPo Ladeger\u00e4t separat erhaltlich Farbe gelb\/weiss Neue Motor LiPo Akku Infrarot Sensor LIDAR Arduino Mikrocomputer mit Akku\u00fcberwachung LiPo Ladeger\u00e4t separat erhaltlich","rel":"","context":"\u00c4hnlicher Beitrag","block_context":{"text":"\u00c4hnlicher Beitrag","link":""},"img":{"alt_text":"","src":"https:\/\/i0.wp.com\/webshop.edgb.nl\/wp-content\/uploads\/2015\/12\/VW_T1_geelwit_02.jpg?resize=350%2C200&ssl=1","width":350,"height":200,"srcset":"https:\/\/i0.wp.com\/webshop.edgb.nl\/wp-content\/uploads\/2015\/12\/VW_T1_geelwit_02.jpg?resize=350%2C200&ssl=1 1x, https:\/\/i0.wp.com\/webshop.edgb.nl\/wp-content\/uploads\/2015\/12\/VW_T1_geelwit_02.jpg?resize=525%2C300&ssl=1 1.5x, https:\/\/i0.wp.com\/webshop.edgb.nl\/wp-content\/uploads\/2015\/12\/VW_T1_geelwit_02.jpg?resize=700%2C400&ssl=1 2x"},"classes":[]},{"id":15,"url":"https:\/\/webshop.edgb.nl\/de\/product\/20021\/","url_meta":{"origin":652,"position":4},"title":"Citro\u00ebn Hy","author":"Ed de Bruijn","date":"Dienstag, der  8. Dezember 2015","format":false,"excerpt":"\u00a0 \u00a0 \u00a0 \u00a0 \u00a0 \u00a0","rel":"","context":"\u00c4hnlicher Beitrag","block_context":{"text":"\u00c4hnlicher Beitrag","link":""},"img":{"alt_text":"","src":"https:\/\/i0.wp.com\/webshop.edgb.nl\/wp-content\/uploads\/2015\/12\/Citroen_Hy_zilver_02.jpg?resize=350%2C200&ssl=1","width":350,"height":200,"srcset":"https:\/\/i0.wp.com\/webshop.edgb.nl\/wp-content\/uploads\/2015\/12\/Citroen_Hy_zilver_02.jpg?resize=350%2C200&ssl=1 1x, https:\/\/i0.wp.com\/webshop.edgb.nl\/wp-content\/uploads\/2015\/12\/Citroen_Hy_zilver_02.jpg?resize=525%2C300&ssl=1 1.5x, https:\/\/i0.wp.com\/webshop.edgb.nl\/wp-content\/uploads\/2015\/12\/Citroen_Hy_zilver_02.jpg?resize=700%2C400&ssl=1 2x"},"classes":[]},{"id":424,"url":"https:\/\/webshop.edgb.nl\/de\/product\/20042\/","url_meta":{"origin":652,"position":5},"title":"Volkswagen K\u00e4fer","author":"Ed de Bruijn","date":"Montag, der  9. Mai 2016","format":false,"excerpt":"\u00a0","rel":"","context":"\u00c4hnlicher Beitrag","block_context":{"text":"\u00c4hnlicher Beitrag","link":""},"img":{"alt_text":"","src":"https:\/\/i0.wp.com\/webshop.edgb.nl\/wp-content\/uploads\/2015\/12\/VW_kever_groen_02.jpg?resize=350%2C200&ssl=1","width":350,"height":200,"srcset":"https:\/\/i0.wp.com\/webshop.edgb.nl\/wp-content\/uploads\/2015\/12\/VW_kever_groen_02.jpg?resize=350%2C200&ssl=1 1x, https:\/\/i0.wp.com\/webshop.edgb.nl\/wp-content\/uploads\/2015\/12\/VW_kever_groen_02.jpg?resize=525%2C300&ssl=1 1.5x, https:\/\/i0.wp.com\/webshop.edgb.nl\/wp-content\/uploads\/2015\/12\/VW_kever_groen_02.jpg?resize=700%2C400&ssl=1 2x"},"classes":[]}],"_links":{"self":[{"href":"https:\/\/webshop.edgb.nl\/de\/wp-json\/wp\/v2\/product\/652","targetHints":{"allow":["GET"]}}],"collection":[{"href":"https:\/\/webshop.edgb.nl\/de\/wp-json\/wp\/v2\/product"}],"about":[{"href":"https:\/\/webshop.edgb.nl\/de\/wp-json\/wp\/v2\/types\/product"}],"wp:featuredmedia":[{"embeddable":true,"href":"https:\/\/webshop.edgb.nl\/de\/wp-json\/wp\/v2\/media\/650"}],"wp:attachment":[{"href":"https:\/\/webshop.edgb.nl\/de\/wp-json\/wp\/v2\/media?parent=652"}],"wp:term":[{"taxonomy":"product_brand","embeddable":true,"href":"https:\/\/webshop.edgb.nl\/de\/wp-json\/wp\/v2\/product_brand?post=652"},{"taxonomy":"product_cat","embeddable":true,"href":"https:\/\/webshop.edgb.nl\/de\/wp-json\/wp\/v2\/product_cat?post=652"},{"taxonomy":"product_tag","embeddable":true,"href":"https:\/\/webshop.edgb.nl\/de\/wp-json\/wp\/v2\/product_tag?post=652"}],"curies":[{"name":"wp","href":"https:\/\/api.w.org\/{rel}","templated":true}]}}