{"id":8,"date":"2015-12-08T13:14:05","date_gmt":"2015-12-08T12:14:05","guid":{"rendered":"http:\/\/www.webshop.edgb.nl\/?post_type=product&#038;p=8"},"modified":"2025-09-16T07:12:40","modified_gmt":"2025-09-16T06:12:40","slug":"20011","status":"publish","type":"product","link":"https:\/\/webshop.edgb.nl\/de\/product\/20011\/","title":{"rendered":"Volkswagen T1"},"content":{"rendered":"<p><\/p>\n<ul>\n<li>Farbe gelb\/weiss<\/li>\n<li>Neue Motor<\/li>\n<li>LiPo Akku<\/li>\n<li>Infrarot Sensor<\/li>\n<li>LIDAR<\/li>\n<li>Arduino Mikrocomputer mit Akku\u00fcberwachung<\/li>\n<li>LiPo Ladeger\u00e4t separat erhaltlich<\/li>\n<\/ul>\n<ul>\n<li>Farbe gelb\/weiss<\/li>\n<li>Neue Motor<\/li>\n<li>LiPo Akku<\/li>\n<li>Infrarot Sensor<\/li>\n<li>LIDAR<\/li>\n<li>Arduino Mikrocomputer mit Akku\u00fcberwachung<\/li>\n<li>LiPo Ladeger\u00e4t separat erhaltlich<\/li>\n<\/ul>\n<p><\/p>","protected":false},"excerpt":{"rendered":"<p>Farbe gelb\/weiss Neue Motor LiPo Akku Infrarot Sensor LIDAR Arduino Mikrocomputer mit Akku\u00fcberwachung LiPo Ladeger\u00e4t separat erhaltlich Farbe gelb\/weiss Neue<\/p>\n","protected":false},"featured_media":495,"template":"","meta":{"jetpack_post_was_ever_published":false,"jetpack_publicize_message":"","jetpack_publicize_feature_enabled":true,"jetpack_social_post_already_shared":false,"jetpack_social_options":{"image_generator_settings":{"template":"highway","default_image_id":0,"font":"","enabled":false},"version":2}},"product_brand":[],"product_cat":[6],"product_tag":[],"class_list":{"0":"post-8","1":"product","2":"type-product","3":"status-publish","4":"has-post-thumbnail","6":"product_cat-auto","8":"first","9":"instock","10":"taxable","11":"shipping-taxable","12":"purchasable","13":"product-type-simple"},"jetpack_publicize_connections":[],"jetpack_sharing_enabled":true,"jetpack_likes_enabled":true,"jetpack-related-posts":[{"id":420,"url":"https:\/\/webshop.edgb.nl\/de\/product\/20080\/","url_meta":{"origin":8,"position":0},"title":"BMW 2002 Ti","author":"Ed de Bruijn","date":"Samstag, der 30. April 2016","format":false,"excerpt":"\u00a0\u00a0\u00a0\u00a0\u00a0\u00a0\u00a0\u00a0\u00a0\u00a0\u00a0\u00a0\u00a0\u00a0\u00a0\u00a0","rel":"","context":"Mit 1 Kommentar","block_context":{"text":"Mit 1 Kommentar","link":"https:\/\/webshop.edgb.nl\/de\/product\/20080\/#comments"},"img":{"alt_text":"","src":"https:\/\/i0.wp.com\/webshop.edgb.nl\/wp-content\/uploads\/2015\/12\/BMW_2002_oranje_02.jpg?resize=350%2C200&ssl=1","width":350,"height":200,"srcset":"https:\/\/i0.wp.com\/webshop.edgb.nl\/wp-content\/uploads\/2015\/12\/BMW_2002_oranje_02.jpg?resize=350%2C200&ssl=1 1x, https:\/\/i0.wp.com\/webshop.edgb.nl\/wp-content\/uploads\/2015\/12\/BMW_2002_oranje_02.jpg?resize=525%2C300&ssl=1 1.5x, https:\/\/i0.wp.com\/webshop.edgb.nl\/wp-content\/uploads\/2015\/12\/BMW_2002_oranje_02.jpg?resize=700%2C400&ssl=1 2x"},"classes":[]},{"id":15,"url":"https:\/\/webshop.edgb.nl\/de\/product\/20021\/","url_meta":{"origin":8,"position":1},"title":"Citro\u00ebn Hy","author":"Ed de Bruijn","date":"Dienstag, der  8. Dezember 2015","format":false,"excerpt":"\u00a0 \u00a0 \u00a0 \u00a0 \u00a0 \u00a0","rel":"","context":"\u00c4hnlicher Beitrag","block_context":{"text":"\u00c4hnlicher Beitrag","link":""},"img":{"alt_text":"","src":"https:\/\/i0.wp.com\/webshop.edgb.nl\/wp-content\/uploads\/2015\/12\/Citroen_Hy_zilver_02.jpg?resize=350%2C200&ssl=1","width":350,"height":200,"srcset":"https:\/\/i0.wp.com\/webshop.edgb.nl\/wp-content\/uploads\/2015\/12\/Citroen_Hy_zilver_02.jpg?resize=350%2C200&ssl=1 1x, https:\/\/i0.wp.com\/webshop.edgb.nl\/wp-content\/uploads\/2015\/12\/Citroen_Hy_zilver_02.jpg?resize=525%2C300&ssl=1 1.5x, https:\/\/i0.wp.com\/webshop.edgb.nl\/wp-content\/uploads\/2015\/12\/Citroen_Hy_zilver_02.jpg?resize=700%2C400&ssl=1 2x"},"classes":[]},{"id":503,"url":"https:\/\/webshop.edgb.nl\/de\/product\/20012\/","url_meta":{"origin":8,"position":2},"title":"VW T1 Pritschenwagen","author":"Ed de Bruijn","date":"Donnerstag, der 28. Juli 2016","format":false,"excerpt":"Modell eine Volkswagen T1 Pritschenwagen Farbe t\u00fcrkis\/weiss Starke Motor Einstellbare Geschwindigkeit Grosse LiPo Akku f\u00fcr lange Fahrzeiten Mit Infrarot Schaltung LIDAR Anschluss f\u00fcr Ladeger\u00e4t in die Boden Arduino Mikrocomputer mit Akku\u00fcberwachung Ladeger\u00e4t separat erhaltlich Modell eine Volkswagen T1 Pritschenwagen Farbe t\u00fcrkis\/weiss Starke Motor Einstellbare Geschwindigkeit Grosse LiPo Akku f\u00fcr lange\u2026","rel":"","context":"\u00c4hnlicher Beitrag","block_context":{"text":"\u00c4hnlicher Beitrag","link":""},"img":{"alt_text":"","src":"https:\/\/i0.wp.com\/webshop.edgb.nl\/wp-content\/uploads\/2016\/07\/DSCF0191.jpg?resize=350%2C200&ssl=1","width":350,"height":200,"srcset":"https:\/\/i0.wp.com\/webshop.edgb.nl\/wp-content\/uploads\/2016\/07\/DSCF0191.jpg?resize=350%2C200&ssl=1 1x, https:\/\/i0.wp.com\/webshop.edgb.nl\/wp-content\/uploads\/2016\/07\/DSCF0191.jpg?resize=525%2C300&ssl=1 1.5x, https:\/\/i0.wp.com\/webshop.edgb.nl\/wp-content\/uploads\/2016\/07\/DSCF0191.jpg?resize=700%2C400&ssl=1 2x"},"classes":[]},{"id":426,"url":"https:\/\/webshop.edgb.nl\/de\/product\/20051\/","url_meta":{"origin":8,"position":3},"title":"Trabant 601","author":"Ed de Bruijn","date":"Montag, der  9. Mai 2016","format":false,"excerpt":"\u00a0 \u00a0 \u00a0","rel":"","context":"\u00c4hnlicher Beitrag","block_context":{"text":"\u00c4hnlicher Beitrag","link":""},"img":{"alt_text":"","src":"https:\/\/i0.wp.com\/webshop.edgb.nl\/wp-content\/uploads\/2015\/12\/Trabant_601_blauw_02.jpg?resize=350%2C200&ssl=1","width":350,"height":200,"srcset":"https:\/\/i0.wp.com\/webshop.edgb.nl\/wp-content\/uploads\/2015\/12\/Trabant_601_blauw_02.jpg?resize=350%2C200&ssl=1 1x, https:\/\/i0.wp.com\/webshop.edgb.nl\/wp-content\/uploads\/2015\/12\/Trabant_601_blauw_02.jpg?resize=525%2C300&ssl=1 1.5x, https:\/\/i0.wp.com\/webshop.edgb.nl\/wp-content\/uploads\/2015\/12\/Trabant_601_blauw_02.jpg?resize=700%2C400&ssl=1 2x"},"classes":[]},{"id":7294,"url":"https:\/\/webshop.edgb.nl\/de\/product\/20025\/","url_meta":{"origin":8,"position":4},"title":"Opel Commodore A GS","author":"Ed de Bruijn","date":"Dienstag, der 30. Juni 2020","format":false,"excerpt":"Modell eine Opel Commodore A GS Farbe schwarz\/gelb Starke Motor Einstellbare Geschwindigkeit Grosse LiPo Akku f\u00fcr lange Fahrzeiten Mit Infrarot Schaltung LIDAR Anschluss f\u00fcr Ladeger\u00e4t in die Boden Arduino Mikrocomputer mit Akku\u00fcberwachung Ladeger\u00e4t separat erhaltlich Modell eine Opel Commodore A GS Farbe schwarz\/gelb Starke Motor Einstellbare Geschwindigkeit Grosse LiPo Akku\u2026","rel":"","context":"\u00c4hnlicher Beitrag","block_context":{"text":"\u00c4hnlicher Beitrag","link":""},"img":{"alt_text":"","src":"https:\/\/i0.wp.com\/webshop.edgb.nl\/wp-content\/uploads\/2020\/06\/Opel_Commodore.png?resize=350%2C200&ssl=1","width":350,"height":200,"srcset":"https:\/\/i0.wp.com\/webshop.edgb.nl\/wp-content\/uploads\/2020\/06\/Opel_Commodore.png?resize=350%2C200&ssl=1 1x, https:\/\/i0.wp.com\/webshop.edgb.nl\/wp-content\/uploads\/2020\/06\/Opel_Commodore.png?resize=525%2C300&ssl=1 1.5x, https:\/\/i0.wp.com\/webshop.edgb.nl\/wp-content\/uploads\/2020\/06\/Opel_Commodore.png?resize=700%2C400&ssl=1 2x"},"classes":[]},{"id":424,"url":"https:\/\/webshop.edgb.nl\/de\/product\/20042\/","url_meta":{"origin":8,"position":5},"title":"Volkswagen K\u00e4fer","author":"Ed de Bruijn","date":"Montag, der  9. Mai 2016","format":false,"excerpt":"\u00a0","rel":"","context":"\u00c4hnlicher Beitrag","block_context":{"text":"\u00c4hnlicher Beitrag","link":""},"img":{"alt_text":"","src":"https:\/\/i0.wp.com\/webshop.edgb.nl\/wp-content\/uploads\/2015\/12\/VW_kever_groen_02.jpg?resize=350%2C200&ssl=1","width":350,"height":200,"srcset":"https:\/\/i0.wp.com\/webshop.edgb.nl\/wp-content\/uploads\/2015\/12\/VW_kever_groen_02.jpg?resize=350%2C200&ssl=1 1x, https:\/\/i0.wp.com\/webshop.edgb.nl\/wp-content\/uploads\/2015\/12\/VW_kever_groen_02.jpg?resize=525%2C300&ssl=1 1.5x, https:\/\/i0.wp.com\/webshop.edgb.nl\/wp-content\/uploads\/2015\/12\/VW_kever_groen_02.jpg?resize=700%2C400&ssl=1 2x"},"classes":[]}],"_links":{"self":[{"href":"https:\/\/webshop.edgb.nl\/de\/wp-json\/wp\/v2\/product\/8","targetHints":{"allow":["GET"]}}],"collection":[{"href":"https:\/\/webshop.edgb.nl\/de\/wp-json\/wp\/v2\/product"}],"about":[{"href":"https:\/\/webshop.edgb.nl\/de\/wp-json\/wp\/v2\/types\/product"}],"wp:featuredmedia":[{"embeddable":true,"href":"https:\/\/webshop.edgb.nl\/de\/wp-json\/wp\/v2\/media\/495"}],"wp:attachment":[{"href":"https:\/\/webshop.edgb.nl\/de\/wp-json\/wp\/v2\/media?parent=8"}],"wp:term":[{"taxonomy":"product_brand","embeddable":true,"href":"https:\/\/webshop.edgb.nl\/de\/wp-json\/wp\/v2\/product_brand?post=8"},{"taxonomy":"product_cat","embeddable":true,"href":"https:\/\/webshop.edgb.nl\/de\/wp-json\/wp\/v2\/product_cat?post=8"},{"taxonomy":"product_tag","embeddable":true,"href":"https:\/\/webshop.edgb.nl\/de\/wp-json\/wp\/v2\/product_tag?post=8"}],"curies":[{"name":"wp","href":"https:\/\/api.w.org\/{rel}","templated":true}]}}